{"id":22723,"date":"2023-05-17T17:48:33","date_gmt":"2023-05-17T15:48:33","guid":{"rendered":"https:\/\/meanwhile-france.com\/umleitung-wettbewerb\/"},"modified":"2025-08-07T13:49:31","modified_gmt":"2025-08-07T11:49:31","slug":"umleitung-wettbewerb","status":"publish","type":"page","link":"https:\/\/meanwhile-france.com\/de\/umleitung-wettbewerb\/","title":{"rendered":"Umleitung Wettbewerb"},"content":{"rendered":"\t\t<div data-elementor-type=\"wp-post\" data-elementor-id=\"22723\" class=\"elementor elementor-22723 elementor-21883\" data-elementor-post-type=\"page\">\n\t\t\t\t\t\t<section class=\"elementor-section elementor-top-section elementor-element elementor-element-3349c2f elementor-section-boxed elementor-section-height-default elementor-section-height-default\" data-id=\"3349c2f\" data-element_type=\"section\" data-e-type=\"section\">\n\t\t\t\t\t\t<div class=\"elementor-container elementor-column-gap-default\">\n\t\t\t\t\t<div class=\"elementor-column elementor-col-100 elementor-top-column elementor-element elementor-element-166c005\" data-id=\"166c005\" data-element_type=\"column\" data-e-type=\"column\">\n\t\t\t<div class=\"elementor-widget-wrap elementor-element-populated\">\n\t\t\t\t\t\t<div class=\"elementor-element elementor-element-d9ab15f elementor-widget elementor-widget-spacer\" data-id=\"d9ab15f\" data-element_type=\"widget\" data-e-type=\"widget\" data-widget_type=\"spacer.default\">\n\t\t\t\t<div class=\"elementor-widget-container\">\n\t\t\t\t\t\t\t<div class=\"elementor-spacer\">\n\t\t\t<div class=\"elementor-spacer-inner\"><\/div>\n\t\t<\/div>\n\t\t\t\t\t\t<\/div>\n\t\t\t\t<\/div>\n\t\t\t\t<div class=\"elementor-element elementor-element-0404759 elementor-widget elementor-widget-heading\" data-id=\"0404759\" data-element_type=\"widget\" data-e-type=\"widget\" data-widget_type=\"heading.default\">\n\t\t\t\t<div class=\"elementor-widget-container\">\n\t\t\t\t\t<h2 class=\"elementor-heading-title elementor-size-default\">Vielen Dank f\u00fcr Ihre Voranmeldung<\/h2>\t\t\t\t<\/div>\n\t\t\t\t<\/div>\n\t\t\t\t<div class=\"elementor-element elementor-element-cd62ac2 elementor-widget elementor-widget-spacer\" data-id=\"cd62ac2\" data-element_type=\"widget\" data-e-type=\"widget\" data-widget_type=\"spacer.default\">\n\t\t\t\t<div class=\"elementor-widget-container\">\n\t\t\t\t\t\t\t<div class=\"elementor-spacer\">\n\t\t\t<div class=\"elementor-spacer-inner\"><\/div>\n\t\t<\/div>\n\t\t\t\t\t\t<\/div>\n\t\t\t\t<\/div>\n\t\t\t\t<div class=\"elementor-element elementor-element-ebc2804 elementor-widget elementor-widget-text-editor\" data-id=\"ebc2804\" data-element_type=\"widget\" data-e-type=\"widget\" data-widget_type=\"text-editor.default\">\n\t\t\t\t<div class=\"elementor-widget-container\">\n\t\t\t\t\t\t\t\t\t<p>Das gesamte Meanwhile-Team dankt Ihnen f\u00fcr Ihr Interesse an unserem Wettbewerb.<\/p><p>Wir werden Sie in den n\u00e4chsten Tagen per E-Mail \u00fcber den Eingang Ihrer Voranmeldung informieren.<\/p><p>In der Zwischenzeit finden Sie uns auf <a href=\"https:\/\/www.linkedin.com\/company\/meanwhile-sas\/\"><span style=\"text-decoration: underline;\">LinkedIn<\/span><\/a>Sie k\u00f6nnen sich auch auf LinkedIn eintragen, um vorab \u00fcber die neuesten Nachrichten zum Wettbewerb informiert zu werden.<\/p>\t\t\t\t\t\t\t\t<\/div>\n\t\t\t\t<\/div>\n\t\t\t\t<div class=\"elementor-element elementor-element-1164cad elementor-hidden-phone elementor-widget elementor-widget-spacer\" data-id=\"1164cad\" data-element_type=\"widget\" data-e-type=\"widget\" data-widget_type=\"spacer.default\">\n\t\t\t\t<div class=\"elementor-widget-container\">\n\t\t\t\t\t\t\t<div class=\"elementor-spacer\">\n\t\t\t<div class=\"elementor-spacer-inner\"><\/div>\n\t\t<\/div>\n\t\t\t\t\t\t<\/div>\n\t\t\t\t<\/div>\n\t\t\t\t\t<\/div>\n\t\t<\/div>\n\t\t\t\t\t<\/div>\n\t\t<\/section>\n\t\t\t\t<\/div>\n\t\t","protected":false},"excerpt":{"rendered":"<p>Vielen Dank f\u00fcr Ihre Voranmeldung Das gesamte Meanwhile-Team dankt Ihnen f\u00fcr Ihr Interesse an unserem Wettbewerb. Wir werden Sie in den n\u00e4chsten Tagen per E-Mail \u00fcber den Eingang Ihrer Voranmeldung informieren. In der Zwischenzeit finden Sie uns auf LinkedInSie k\u00f6nnen sich auch auf LinkedIn eintragen, um vorab \u00fcber die neuesten Nachrichten zum Wettbewerb informiert zu [&hellip;]<\/p>\n","protected":false},"author":7,"featured_media":0,"parent":0,"menu_order":0,"comment_status":"closed","ping_status":"closed","template":"elementor_header_footer","meta":{"footnotes":""},"class_list":["post-22723","page","type-page","status-publish","hentry","entry"],"aioseo_notices":[],"_links":{"self":[{"href":"https:\/\/meanwhile-france.com\/de\/wp-json\/wp\/v2\/pages\/22723","targetHints":{"allow":["GET"]}}],"collection":[{"href":"https:\/\/meanwhile-france.com\/de\/wp-json\/wp\/v2\/pages"}],"about":[{"href":"https:\/\/meanwhile-france.com\/de\/wp-json\/wp\/v2\/types\/page"}],"author":[{"embeddable":true,"href":"https:\/\/meanwhile-france.com\/de\/wp-json\/wp\/v2\/users\/7"}],"replies":[{"embeddable":true,"href":"https:\/\/meanwhile-france.com\/de\/wp-json\/wp\/v2\/comments?post=22723"}],"version-history":[{"count":3,"href":"https:\/\/meanwhile-france.com\/de\/wp-json\/wp\/v2\/pages\/22723\/revisions"}],"predecessor-version":[{"id":22726,"href":"https:\/\/meanwhile-france.com\/de\/wp-json\/wp\/v2\/pages\/22723\/revisions\/22726"}],"wp:attachment":[{"href":"https:\/\/meanwhile-france.com\/de\/wp-json\/wp\/v2\/media?parent=22723"}],"curies":[{"name":"wp","href":"https:\/\/api.w.org\/{rel}","templated":true}]}}