{"id":22719,"date":"2021-04-21T22:42:49","date_gmt":"2021-04-21T20:42:49","guid":{"rendered":"https:\/\/meanwhile-france.com\/presse\/"},"modified":"2026-01-21T16:03:12","modified_gmt":"2026-01-21T15:03:12","slug":"presse","status":"publish","type":"page","link":"https:\/\/meanwhile-france.com\/de\/presse\/","title":{"rendered":"Presse"},"content":{"rendered":"\t\t<div data-elementor-type=\"wp-page\" data-elementor-id=\"22719\" class=\"elementor elementor-22719 elementor-6761\" data-elementor-post-type=\"page\">\n\t\t\t\t\t\t<section class=\"elementor-section elementor-top-section elementor-element elementor-element-43db67a elementor-section-full_width elementor-section-height-default elementor-section-height-default\" data-id=\"43db67a\" data-element_type=\"section\" data-e-type=\"section\">\n\t\t\t\t\t\t<div class=\"elementor-container elementor-column-gap-default\">\n\t\t\t\t\t<div class=\"elementor-column elementor-col-100 elementor-top-column elementor-element elementor-element-5beaa08\" data-id=\"5beaa08\" data-element_type=\"column\" data-e-type=\"column\">\n\t\t\t<div class=\"elementor-widget-wrap elementor-element-populated\">\n\t\t\t\t\t\t<div class=\"elementor-element elementor-element-1707ed3 elementor-widget elementor-widget-spacer\" data-id=\"1707ed3\" data-element_type=\"widget\" data-e-type=\"widget\" data-widget_type=\"spacer.default\">\n\t\t\t\t<div class=\"elementor-widget-container\">\n\t\t\t\t\t\t\t<div class=\"elementor-spacer\">\n\t\t\t<div class=\"elementor-spacer-inner\"><\/div>\n\t\t<\/div>\n\t\t\t\t\t\t<\/div>\n\t\t\t\t<\/div>\n\t\t\t\t<div class=\"elementor-element elementor-element-a85d619 elementor-widget elementor-widget-heading\" data-id=\"a85d619\" data-element_type=\"widget\" data-e-type=\"widget\" data-widget_type=\"heading.default\">\n\t\t\t\t<div class=\"elementor-widget-container\">\n\t\t\t\t\t<h1 class=\"elementor-heading-title elementor-size-default\">Presse<\/h1>\t\t\t\t<\/div>\n\t\t\t\t<\/div>\n\t\t\t\t<div class=\"elementor-element elementor-element-494d9c0 elementor-widget elementor-widget-spacer\" data-id=\"494d9c0\" data-element_type=\"widget\" data-e-type=\"widget\" data-widget_type=\"spacer.default\">\n\t\t\t\t<div class=\"elementor-widget-container\">\n\t\t\t\t\t\t\t<div class=\"elementor-spacer\">\n\t\t\t<div class=\"elementor-spacer-inner\"><\/div>\n\t\t<\/div>\n\t\t\t\t\t\t<\/div>\n\t\t\t\t<\/div>\n\t\t\t\t<div class=\"elementor-element elementor-element-3272364 elementor-widget elementor-widget-text-editor\" data-id=\"3272364\" data-element_type=\"widget\" data-e-type=\"widget\" data-widget_type=\"text-editor.default\">\n\t\t\t\t<div class=\"elementor-widget-container\">\n\t\t\t\t\t\t\t\t\t<p>Lesen Sie auf unserer Presseseite, was die Medien \u00fcber uns berichten, mit einer Auswahl an Presseartikeln und Nachrichten \u00fcber Meanwhile. Bleiben Sie au\u00dferdem auf dem Laufenden \u00fcber die neuesten Nachrichten und Veranstaltungen des Unternehmens. <\/p>\t\t\t\t\t\t\t\t<\/div>\n\t\t\t\t<\/div>\n\t\t\t\t<div class=\"elementor-element elementor-element-2515466 elementor-widget elementor-widget-spacer\" data-id=\"2515466\" data-element_type=\"widget\" data-e-type=\"widget\" data-widget_type=\"spacer.default\">\n\t\t\t\t<div class=\"elementor-widget-container\">\n\t\t\t\t\t\t\t<div class=\"elementor-spacer\">\n\t\t\t<div class=\"elementor-spacer-inner\"><\/div>\n\t\t<\/div>\n\t\t\t\t\t\t<\/div>\n\t\t\t\t<\/div>\n\t\t\t\t<div class=\"elementor-element elementor-element-5976bda elementor-widget elementor-widget-spacer\" data-id=\"5976bda\" data-element_type=\"widget\" data-e-type=\"widget\" data-widget_type=\"spacer.default\">\n\t\t\t\t<div class=\"elementor-widget-container\">\n\t\t\t\t\t\t\t<div class=\"elementor-spacer\">\n\t\t\t<div class=\"elementor-spacer-inner\"><\/div>\n\t\t<\/div>\n\t\t\t\t\t\t<\/div>\n\t\t\t\t<\/div>\n\t\t\t\t\t<\/div>\n\t\t<\/div>\n\t\t\t\t\t<\/div>\n\t\t<\/section>\n\t\t\t\t<\/div>\n\t\t","protected":false},"excerpt":{"rendered":"<p>Presse Lesen Sie auf unserer Presseseite, was die Medien \u00fcber uns berichten, mit einer Auswahl an Presseartikeln und Nachrichten \u00fcber Meanwhile. Bleiben Sie au\u00dferdem auf dem Laufenden \u00fcber die neuesten Nachrichten und Veranstaltungen des Unternehmens.<\/p>\n","protected":false},"author":7,"featured_media":0,"parent":0,"menu_order":0,"comment_status":"closed","ping_status":"closed","template":"elementor_header_footer","meta":{"footnotes":""},"class_list":["post-22719","page","type-page","status-publish","hentry","entry"],"aioseo_notices":[],"_links":{"self":[{"href":"https:\/\/meanwhile-france.com\/de\/wp-json\/wp\/v2\/pages\/22719","targetHints":{"allow":["GET"]}}],"collection":[{"href":"https:\/\/meanwhile-france.com\/de\/wp-json\/wp\/v2\/pages"}],"about":[{"href":"https:\/\/meanwhile-france.com\/de\/wp-json\/wp\/v2\/types\/page"}],"author":[{"embeddable":true,"href":"https:\/\/meanwhile-france.com\/de\/wp-json\/wp\/v2\/users\/7"}],"replies":[{"embeddable":true,"href":"https:\/\/meanwhile-france.com\/de\/wp-json\/wp\/v2\/comments?post=22719"}],"version-history":[{"count":3,"href":"https:\/\/meanwhile-france.com\/de\/wp-json\/wp\/v2\/pages\/22719\/revisions"}],"predecessor-version":[{"id":24780,"href":"https:\/\/meanwhile-france.com\/de\/wp-json\/wp\/v2\/pages\/22719\/revisions\/24780"}],"wp:attachment":[{"href":"https:\/\/meanwhile-france.com\/de\/wp-json\/wp\/v2\/media?parent=22719"}],"curies":[{"name":"wp","href":"https:\/\/api.w.org\/{rel}","templated":true}]}}