{"id":22620,"date":"2022-05-23T15:41:59","date_gmt":"2022-05-23T13:41:59","guid":{"rendered":"https:\/\/meanwhile-france.com\/pressemeldungen\/"},"modified":"2025-10-06T13:30:55","modified_gmt":"2025-10-06T11:30:55","slug":"pressemeldungen","status":"publish","type":"page","link":"https:\/\/meanwhile-france.com\/de\/pressemeldungen\/","title":{"rendered":"Pressemeldungen"},"content":{"rendered":"\t\t<div data-elementor-type=\"wp-page\" data-elementor-id=\"22620\" class=\"elementor elementor-22620 elementor-9219\" data-elementor-post-type=\"page\">\n\t\t\t\t\t\t<section class=\"elementor-section elementor-top-section elementor-element elementor-element-8f6a6bd elementor-section-full_width elementor-section-height-default elementor-section-height-default\" data-id=\"8f6a6bd\" data-element_type=\"section\" data-e-type=\"section\">\n\t\t\t\t\t\t<div class=\"elementor-container elementor-column-gap-default\">\n\t\t\t\t\t<div class=\"elementor-column elementor-col-100 elementor-top-column elementor-element elementor-element-ddf3d5a\" data-id=\"ddf3d5a\" data-element_type=\"column\" data-e-type=\"column\">\n\t\t\t<div class=\"elementor-widget-wrap elementor-element-populated\">\n\t\t\t\t\t\t<div class=\"elementor-element elementor-element-56914d7 elementor-widget elementor-widget-spacer\" data-id=\"56914d7\" data-element_type=\"widget\" data-e-type=\"widget\" data-widget_type=\"spacer.default\">\n\t\t\t\t<div class=\"elementor-widget-container\">\n\t\t\t\t\t\t\t<div class=\"elementor-spacer\">\n\t\t\t<div class=\"elementor-spacer-inner\"><\/div>\n\t\t<\/div>\n\t\t\t\t\t\t<\/div>\n\t\t\t\t<\/div>\n\t\t\t\t<div class=\"elementor-element elementor-element-802e3d6 elementor-widget elementor-widget-heading\" data-id=\"802e3d6\" data-element_type=\"widget\" data-e-type=\"widget\" data-widget_type=\"heading.default\">\n\t\t\t\t<div class=\"elementor-widget-container\">\n\t\t\t\t\t<h1 class=\"elementor-heading-title elementor-size-default\">Pressemeldungen<\/h1>\t\t\t\t<\/div>\n\t\t\t\t<\/div>\n\t\t\t\t<div class=\"elementor-element elementor-element-3ad8d25 elementor-widget elementor-widget-spacer\" data-id=\"3ad8d25\" data-element_type=\"widget\" data-e-type=\"widget\" data-widget_type=\"spacer.default\">\n\t\t\t\t<div class=\"elementor-widget-container\">\n\t\t\t\t\t\t\t<div class=\"elementor-spacer\">\n\t\t\t<div class=\"elementor-spacer-inner\"><\/div>\n\t\t<\/div>\n\t\t\t\t\t\t<\/div>\n\t\t\t\t<\/div>\n\t\t\t\t<div class=\"elementor-element elementor-element-dca0d2d elementor-widget elementor-widget-text-editor\" data-id=\"dca0d2d\" data-element_type=\"widget\" data-e-type=\"widget\" data-widget_type=\"text-editor.default\">\n\t\t\t\t<div class=\"elementor-widget-container\">\n\t\t\t\t\t\t\t\t\t<p>Auf dieser Seite finden Sie die neuesten Nachrichten und Updates \u00fcber unsere AMR-L\u00f6sungen, Veranstaltungen und Errungenschaften. Bleiben Sie auf dem Laufenden \u00fcber wichtige Entwicklungen und Ank\u00fcndigungen des Unternehmens. <\/p>\t\t\t\t\t\t\t\t<\/div>\n\t\t\t\t<\/div>\n\t\t\t\t<div class=\"elementor-element elementor-element-28e4cbc elementor-widget elementor-widget-spacer\" data-id=\"28e4cbc\" data-element_type=\"widget\" data-e-type=\"widget\" data-widget_type=\"spacer.default\">\n\t\t\t\t<div class=\"elementor-widget-container\">\n\t\t\t\t\t\t\t<div class=\"elementor-spacer\">\n\t\t\t<div class=\"elementor-spacer-inner\"><\/div>\n\t\t<\/div>\n\t\t\t\t\t\t<\/div>\n\t\t\t\t<\/div>\n\t\t\t\t<div class=\"elementor-element elementor-element-8b7ed25 elementor-widget elementor-widget-spacer\" data-id=\"8b7ed25\" data-element_type=\"widget\" data-e-type=\"widget\" data-widget_type=\"spacer.default\">\n\t\t\t\t<div class=\"elementor-widget-container\">\n\t\t\t\t\t\t\t<div class=\"elementor-spacer\">\n\t\t\t<div class=\"elementor-spacer-inner\"><\/div>\n\t\t<\/div>\n\t\t\t\t\t\t<\/div>\n\t\t\t\t<\/div>\n\t\t\t\t\t<\/div>\n\t\t<\/div>\n\t\t\t\t\t<\/div>\n\t\t<\/section>\n\t\t\t\t<\/div>\n\t\t","protected":false},"excerpt":{"rendered":"<p>Pressemeldungen Auf dieser Seite finden Sie die neuesten Nachrichten und Updates \u00fcber unsere AMR-L\u00f6sungen, Veranstaltungen und Errungenschaften. Bleiben Sie auf dem Laufenden \u00fcber wichtige Entwicklungen und Ank\u00fcndigungen des Unternehmens.<\/p>\n","protected":false},"author":7,"featured_media":0,"parent":0,"menu_order":0,"comment_status":"closed","ping_status":"closed","template":"elementor_header_footer","meta":{"footnotes":""},"class_list":["post-22620","page","type-page","status-publish","hentry","entry"],"aioseo_notices":[],"_links":{"self":[{"href":"https:\/\/meanwhile-france.com\/de\/wp-json\/wp\/v2\/pages\/22620","targetHints":{"allow":["GET"]}}],"collection":[{"href":"https:\/\/meanwhile-france.com\/de\/wp-json\/wp\/v2\/pages"}],"about":[{"href":"https:\/\/meanwhile-france.com\/de\/wp-json\/wp\/v2\/types\/page"}],"author":[{"embeddable":true,"href":"https:\/\/meanwhile-france.com\/de\/wp-json\/wp\/v2\/users\/7"}],"replies":[{"embeddable":true,"href":"https:\/\/meanwhile-france.com\/de\/wp-json\/wp\/v2\/comments?post=22620"}],"version-history":[{"count":3,"href":"https:\/\/meanwhile-france.com\/de\/wp-json\/wp\/v2\/pages\/22620\/revisions"}],"predecessor-version":[{"id":24279,"href":"https:\/\/meanwhile-france.com\/de\/wp-json\/wp\/v2\/pages\/22620\/revisions\/24279"}],"wp:attachment":[{"href":"https:\/\/meanwhile-france.com\/de\/wp-json\/wp\/v2\/media?parent=22620"}],"curies":[{"name":"wp","href":"https:\/\/api.w.org\/{rel}","templated":true}]}}